{"id":301,"date":"2026-05-04T00:07:53","date_gmt":"2026-05-04T00:07:53","guid":{"rendered":"https:\/\/ok-sifa.de\/?page_id=301"},"modified":"2026-05-04T00:56:35","modified_gmt":"2026-05-04T00:56:35","slug":"ersthelferausbildung","status":"publish","type":"page","link":"https:\/\/ok-sifa.de\/?page_id=301","title":{"rendered":"Ersthelferausbildung"},"content":{"rendered":"\n<div class=\"inherit-container-width wp-block-group alignfull is-style-ext-preset--group--natural-1--section has-background-background-color has-background is-layout-constrained wp-block-group-is-layout-constrained\" style=\"margin-top:0;margin-bottom:0;padding-top:var(--wp--preset--spacing--70);padding-bottom:var(--wp--preset--spacing--70)\">\n<h2 class=\"wp-block-heading has-text-align-center ext-animate--on\">Erfahren Sie, wie wir Menschen f\u00fcr den Ernstfall fit machen.<\/h2>\n\n\n\n<p class=\"has-text-align-center ext-animate--on\" style=\"margin-top:1.5rem\">Dieser Bereich erkl\u00e4rt die Bedeutung der Ersthelferausbildung, ihre Grundlagen und wie sie Leben rettet und Sicherheit am Arbeitsplatz f\u00f6rdert.<\/p>\n<\/div>\n\n\n\n<div class=\"inherit-container-width wp-block-group alignfull is-style-ext-preset--group--natural-1--section has-tertiary-background-color has-background is-layout-constrained wp-container-core-group-is-layout-e955bbaf wp-block-group-is-layout-constrained\" style=\"margin-top:0;margin-bottom:0;padding-top:var(--wp--preset--spacing--70);padding-bottom:var(--wp--preset--spacing--70)\">\n<h2 class=\"wp-block-heading has-text-align-center ext-animate--on\">Erfahren Sie mehr \u00fcber unsere Ersthelferausbildung.<\/h2>\n\n\n\n<p class=\"has-text-align-center ext-animate--on\" style=\"margin-top:1.5rem\">Dieser Abschnitt erl\u00e4utert die Ziele, Inhalte und Vorteile der praxisorientierten Schulung, die Sie bef\u00e4higt, lebensrettende Ma\u00dfnahmen sicher anzuwenden.<\/p>\n\n\n\n<div class=\"wp-block-columns alignwide is-layout-flex wp-container-core-columns-is-layout-08c01c1c wp-block-columns-is-layout-flex\">\n<div class=\"wp-block-column ext-animate--on is-layout-flow wp-block-column-is-layout-flow\">\n<div class=\"wp-block-group is-style-ext-preset--group--natural-1--item-card-1--align-center is-layout-constrained wp-block-group-is-layout-constrained\">\n<figure class=\"wp-block-image size-full\"><img data-opt-id=1591584640  fetchpriority=\"high\" decoding=\"async\" src=\"https:\/\/ml6mm5zionw2.i.optimole.com\/w:auto\/h:auto\/q:mauto\/f:best\/https:\/\/ok-sifa.de\/wp-content\/uploads\/2026\/05\/group-diverse-people-cpr-training-class.jpg\" alt=\"\" class=\"wp-image-303\" style=\"aspect-ratio:4\/3;object-fit:cover\"\/><figcaption class=\"wp-element-caption\">Group of diverse people in cpr training class<\/figcaption><\/figure>\n\n\n\n<div class=\"wp-block-group is-style-default is-layout-constrained wp-block-group-is-layout-constrained\">\n<h3 class=\"wp-block-heading has-text-align-center\">Grundlagen der Ersten Hilfe<\/h3>\n\n\n\n<p class=\"has-text-align-center\">Erlernen Sie die wichtigsten Basisma\u00dfnahmen zur Soforthilfe bei Notf\u00e4llen.<\/p>\n<\/div>\n<\/div>\n<\/div>\n\n\n\n<div class=\"wp-block-column ext-animate--on is-layout-flow wp-block-column-is-layout-flow\">\n<div class=\"wp-block-group is-style-ext-preset--group--natural-1--item-card-1--align-center is-layout-constrained wp-block-group-is-layout-constrained\">\n<figure class=\"wp-block-image size-full\"><img data-opt-id=276677946  fetchpriority=\"high\" decoding=\"async\" width=\"662\" height=\"462\" src=\"https:\/\/ml6mm5zionw2.i.optimole.com\/w:auto\/h:auto\/q:mauto\/f:best\/https:\/\/ok-sifa.de\/wp-content\/uploads\/2026\/05\/Screenshot-2026-05-04-020340-1.png\" alt=\"\" class=\"wp-image-305\" style=\"aspect-ratio:4\/3;object-fit:cover\" srcset=\"https:\/\/ml6mm5zionw2.i.optimole.com\/w:662\/h:462\/q:mauto\/f:best\/https:\/\/ok-sifa.de\/wp-content\/uploads\/2026\/05\/Screenshot-2026-05-04-020340-1.png 662w, https:\/\/ml6mm5zionw2.i.optimole.com\/w:300\/h:209\/q:mauto\/f:best\/https:\/\/ok-sifa.de\/wp-content\/uploads\/2026\/05\/Screenshot-2026-05-04-020340-1.png 300w\" sizes=\"(max-width: 662px) 100vw, 662px\" \/><\/figure>\n\n\n\n<div class=\"wp-block-group is-style-default is-layout-constrained wp-block-group-is-layout-constrained\">\n<h3 class=\"wp-block-heading has-text-align-center\">Umgang mit Notfallsituationen<\/h3>\n\n\n\n<p class=\"has-text-align-center\">Lernen Sie, wie Sie in kritischen Momenten richtig reagieren und helfen.<\/p>\n<\/div>\n<\/div>\n<\/div>\n\n\n\n<div class=\"wp-block-column ext-animate--on is-layout-flow wp-block-column-is-layout-flow\">\n<div class=\"wp-block-group is-style-ext-preset--group--natural-1--item-card-1--align-center is-layout-constrained wp-block-group-is-layout-constrained\">\n<figure class=\"wp-block-image size-full\"><img data-opt-id=1154504015  data-opt-src=\"https:\/\/ml6mm5zionw2.i.optimole.com\/w:auto\/h:auto\/q:mauto\/f:best\/https:\/\/ok-sifa.de\/wp-content\/uploads\/2026\/05\/csm_Erste-Hilfe-Kasten_16x9_7588bfc0a7.avif\"  decoding=\"async\" width=\"799\" height=\"449\" src=\"data:image/svg+xml,%3Csvg%20viewBox%3D%220%200%20100%%20100%%22%20width%3D%22100%%22%20height%3D%22100%%22%20xmlns%3D%22http%3A%2F%2Fwww.w3.org%2F2000%2Fsvg%22%3E%3Crect%20width%3D%22100%%22%20height%3D%22100%%22%20fill%3D%22transparent%22%2F%3E%3C%2Fsvg%3E\" alt=\"\" class=\"wp-image-306\" style=\"aspect-ratio:4\/3;object-fit:cover\" old-srcset=\"https:\/\/ml6mm5zionw2.i.optimole.com\/w:799\/h:449\/q:mauto\/f:best\/https:\/\/ok-sifa.de\/wp-content\/uploads\/2026\/05\/csm_Erste-Hilfe-Kasten_16x9_7588bfc0a7.avif 799w, https:\/\/ml6mm5zionw2.i.optimole.com\/w:300\/h:169\/q:mauto\/f:best\/https:\/\/ok-sifa.de\/wp-content\/uploads\/2026\/05\/csm_Erste-Hilfe-Kasten_16x9_7588bfc0a7.avif 300w, https:\/\/ml6mm5zionw2.i.optimole.com\/w:768\/h:432\/q:mauto\/f:best\/https:\/\/ok-sifa.de\/wp-content\/uploads\/2026\/05\/csm_Erste-Hilfe-Kasten_16x9_7588bfc0a7.avif 768w\" \/><\/figure>\n\n\n\n<div class=\"wp-block-group is-style-default is-layout-constrained wp-block-group-is-layout-constrained\">\n<h3 class=\"wp-block-heading has-text-align-center\">Rechtsgrundlagen und Pflichten<\/h3>\n\n\n\n<p class=\"has-text-align-center\">Verstehen Sie Ihre Verantwortung als Ersthelfer gem\u00e4\u00df DGUV Vorschrift 1.<\/p>\n<\/div>\n<\/div>\n<\/div>\n<\/div>\n<\/div>\n\n\n\n<div class=\"inherit-container-width wp-block-group alignfull is-style-ext-preset--group--natural-1--section has-background-background-color has-background is-layout-constrained wp-container-core-group-is-layout-e955bbaf wp-block-group-is-layout-constrained\" style=\"margin-top:0;margin-bottom:0;padding-top:var(--wp--preset--spacing--70);padding-bottom:var(--wp--preset--spacing--70)\">\n<h2 class=\"wp-block-heading has-text-align-center ext-animate--on\">Ersthelferausbildung verstehen<\/h2>\n\n\n\n<p class=\"has-text-align-center ext-animate--on\" style=\"margin-top:1.5rem\">Erfahren Sie, wie Sie sich anmelden und Schritt f\u00fcr Schritt die praktischen F\u00e4higkeiten erwerben, um in Notf\u00e4llen sicher helfen zu k\u00f6nnen.<\/p>\n\n\n\n<div class=\"wp-block-columns alignwide is-layout-flex wp-container-core-columns-is-layout-08c01c1c wp-block-columns-is-layout-flex\">\n<div class=\"wp-block-column is-vertically-aligned-stretch ext-animate--on is-layout-flow wp-container-core-column-is-layout-f5bb311e wp-block-column-is-layout-flow\">\n<div class=\"wp-block-group is-style-ext-preset--group--natural-1--item-card-1--align-center is-layout-constrained wp-block-group-is-layout-constrained\">\n<div class=\"wp-block-group is-style-default is-layout-constrained wp-block-group-is-layout-constrained\">\n<figure class=\"wp-block-image aligncenter size-large ext-aspect-landscape wp-duotone-varpresetduotoneprimary-foreground-1\"><img data-opt-id=539451468  decoding=\"async\" src=\"data:image\/svg+xml;base64,PHN2ZyB4bWxucz0iaHR0cDovL3d3dy53My5vcmcvMjAwMC9zdmciIHdpZHRoPSI0OCIgaGVpZ2h0PSI0OCIgZmlsbD0iIzAwMDAwMCIgdmlld0JveD0iMCAwIDI1NiAyNTYiPjxwYXRoIGQ9Ik0xMjgsMjRBMTA0LDEwNCwwLDEsMCwyMzIsMTI4LDEwNC4xMSwxMDQuMTEsMCwwLDAsMTI4LDI0Wm0wLDE5MmE4OCw4OCwwLDEsMSw4OC04OEE4OC4xLDg4LjEsMCwwLDEsMTI4LDIxNlpNMTQwLDgwdjk2YTgsOCwwLDAsMS0xNiwwVjk1bC0xMS41Niw3LjcxYTgsOCwwLDEsMS04Ljg4LTEzLjMybDI0LTE2QTgsOCwwLDAsMSwxNDAsODBaIj48L3BhdGg+PC9zdmc+\" alt=\"\" style=\"object-fit:cover\"\/><\/figure>\n\n\n\n<h3 class=\"wp-block-heading has-text-align-center\">Erster Schritt: Anmeldung<\/h3>\n\n\n\n<p class=\"has-text-align-center\">Melden Sie sich zu unserer praxisnahen Ersthelferausbildung an und lernen Sie die grundlegenden lebensrettenden Ma\u00dfnahmen kennen.<\/p>\n<\/div>\n<\/div>\n<\/div>\n\n\n\n<div class=\"wp-block-column is-vertically-aligned-stretch ext-animate--on is-layout-flow wp-container-core-column-is-layout-f5bb311e wp-block-column-is-layout-flow\">\n<div class=\"wp-block-group is-style-ext-preset--group--natural-1--item-card-1--align-center is-layout-constrained wp-block-group-is-layout-constrained\">\n<div class=\"wp-block-group is-style-default is-layout-constrained wp-block-group-is-layout-constrained\">\n<figure class=\"wp-block-image aligncenter size-large ext-aspect-landscape wp-duotone-varpresetduotoneprimary-foreground-2\"><img data-opt-id=539451468  decoding=\"async\" src=\"data:image\/svg+xml;base64,PHN2ZyB4bWxucz0iaHR0cDovL3d3dy53My5vcmcvMjAwMC9zdmciIHdpZHRoPSI0OCIgaGVpZ2h0PSI0OCIgZmlsbD0iIzAwMDAwMCIgdmlld0JveD0iMCAwIDI1NiAyNTYiPjxwYXRoIGQ9Ik0xMjgsMjRBMTA0LDEwNCwwLDEsMCwyMzIsMTI4LDEwNC4xMSwxMDQuMTEsMCwwLDAsMTI4LDI0Wm0wLDE5MmE4OCw4OCwwLDEsMSw4OC04OEE4OC4xLDg4LjEsMCwwLDEsMTI4LDIxNlptMjUuNTYtOTIuNzRMMTIwLDE2OGgzMmE4LDgsMCwwLDEsMCwxNkgxMDRhOCw4LDAsMCwxLTYuNC0xMi44bDQzLjE3LTU3LjU2YTE2LDE2LDAsMSwwLTI3Ljg2LTE1LDgsOCwwLDAsMS0xNS4wOS01LjM0LDMyLDMyLDAsMSwxLDU1Ljc0LDI5LjkzWiI+PC9wYXRoPjwvc3ZnPg==\" alt=\"\" style=\"object-fit:cover\"\/><\/figure>\n\n\n\n<h3 class=\"wp-block-heading has-text-align-center\">Zweiter Schritt: Schulung absolvieren<\/h3>\n\n\n\n<p class=\"has-text-align-center\">Nehmen Sie aktiv an der praxisorientierten Ausbildung teil, um die Handgriffe und Abl\u00e4ufe f\u00fcr Notfallsituationen zu verinnerlichen.<\/p>\n<\/div>\n<\/div>\n<\/div>\n\n\n\n<div class=\"wp-block-column is-vertically-aligned-stretch ext-animate--on is-layout-flow wp-container-core-column-is-layout-f5bb311e wp-block-column-is-layout-flow\">\n<div class=\"wp-block-group is-style-ext-preset--group--natural-1--item-card-1--align-center is-layout-constrained wp-block-group-is-layout-constrained\">\n<div class=\"wp-block-group is-style-default is-layout-constrained wp-block-group-is-layout-constrained\">\n<figure class=\"wp-block-image aligncenter size-large ext-aspect-landscape wp-duotone-varpresetduotoneprimary-foreground-3\"><img data-opt-id=539451468  decoding=\"async\" src=\"data:image\/svg+xml;base64,PHN2ZyB4bWxucz0iaHR0cDovL3d3dy53My5vcmcvMjAwMC9zdmciIHdpZHRoPSI0OCIgaGVpZ2h0PSI0OCIgZmlsbD0iIzAwMDAwMCIgdmlld0JveD0iMCAwIDI1NiAyNTYiPjxwYXRoIGQ9Ik0xMjgsMjRBMTA0LDEwNCwwLDEsMCwyMzIsMTI4LDEwNC4xMSwxMDQuMTEsMCwwLDAsMTI4LDI0Wm0wLDE5MmE4OCw4OCwwLDEsMSw4OC04OEE4OC4xLDg4LjEsMCwwLDEsMTI4LDIxNlptMzItNjRhMzYsMzYsMCwwLDEtNjEuNzEsMjUuMTlBOCw4LDAsMSwxLDEwOS43MSwxNjYsMjAsMjAsMCwxLDAsMTI0LDEzMmE4LDgsMCwwLDEtNi41NS0xMi41OUwxMzYuNjMsOTJIMTA0YTgsOCwwLDAsMSwwLTE2aDQ4YTgsOCwwLDAsMSw2LjU1LDEyLjU5bC0yMSwzMEEzNi4wNywzNi4wNywwLDAsMSwxNjAsMTUyWiI+PC9wYXRoPjwvc3ZnPg==\" alt=\"\" style=\"object-fit:cover\"\/><\/figure>\n\n\n\n<h3 class=\"wp-block-heading has-text-align-center\">Dritter Schritt: Zertifikat erhalten<\/h3>\n\n\n\n<p class=\"has-text-align-center\">Nach erfolgreichem Abschluss erhalten Sie ein Zertifikat gem\u00e4\u00df DGUV Vorschrift 1, das Ihre Ersthelferkompetenz best\u00e4tigt.<\/p>\n<\/div>\n<\/div>\n<\/div>\n<\/div>\n<\/div>\n\n\n\n<div class=\"inherit-container-width wp-block-group alignfull is-style-ext-preset--group--natural-1--section has-tertiary-background-color has-background is-layout-constrained wp-container-core-group-is-layout-e955bbaf wp-block-group-is-layout-constrained\" style=\"margin-top:0;margin-bottom:0;padding-top:var(--wp--preset--spacing--70);padding-bottom:var(--wp--preset--spacing--70)\">\n<div class=\"wp-block-group alignwide ext-is-logical-start is-content-justification-left is-layout-constrained wp-container-core-group-is-layout-20186816 wp-block-group-is-layout-constrained\">\n<h2 class=\"wp-block-heading ext-animate--on\">Was versteht man unter einer Ersthelferausbildung?<\/h2>\n\n\n\n<p class=\"ext-animate--on\">Hier erhalten Sie klare Antworten zu den wichtigsten Fragen rund um die Ersthelferausbildung nach DGUV Vorschrift 1.<\/p>\n<\/div>\n\n\n\n<div class=\"wp-block-columns alignwide is-layout-flex wp-container-core-columns-is-layout-08c01c1c wp-block-columns-is-layout-flex\">\n<div class=\"wp-block-column ext-animate--on is-layout-flow wp-container-core-column-is-layout-119bc444 wp-block-column-is-layout-flow\">\n<div class=\"wp-block-group is-style-ext-preset--group--natural-1--item-card-1--align-start is-layout-constrained wp-block-group-is-layout-constrained\">\n<div class=\"wp-block-group is-style-default is-layout-constrained wp-block-group-is-layout-constrained\">\n<h3 class=\"wp-block-heading\">Wer ben\u00f6tigt eine Ersthelferausbildung?<\/h3>\n\n\n\n<p>Jeder Arbeitnehmer in Betrieben mit mindestens zehn Personen ist verpflichtet, einen Ersthelfer zu stellen.<\/p>\n<\/div>\n<\/div>\n<\/div>\n\n\n\n<div class=\"wp-block-column ext-animate--on is-layout-flow wp-container-core-column-is-layout-119bc444 wp-block-column-is-layout-flow\">\n<div class=\"wp-block-group is-style-ext-preset--group--natural-1--item-card-1--align-start is-layout-constrained wp-block-group-is-layout-constrained\">\n<div class=\"wp-block-group is-style-default is-layout-constrained wp-block-group-is-layout-constrained\">\n<h3 class=\"wp-block-heading\">Wie lange dauert die Ersthelferausbildung?<\/h3>\n\n\n\n<p>Die Ausbildung umfasst in der Regel 9 Unterrichtseinheiten \u00e0 45 Minuten.<\/p>\n<\/div>\n<\/div>\n<\/div>\n<\/div>\n\n\n\n<div class=\"wp-block-columns alignwide is-layout-flex wp-container-core-columns-is-layout-967d05ff wp-block-columns-is-layout-flex\" style=\"margin-top:var(--wp--preset--spacing--40)\">\n<div class=\"wp-block-column ext-animate--on is-layout-flow wp-container-core-column-is-layout-119bc444 wp-block-column-is-layout-flow\">\n<div class=\"wp-block-group is-style-ext-preset--group--natural-1--item-card-1--align-start is-layout-constrained wp-block-group-is-layout-constrained\">\n<div class=\"wp-block-group is-style-default is-layout-constrained wp-block-group-is-layout-constrained\">\n<h3 class=\"wp-block-heading\">Welche Inhalte werden in der Ausbildung vermittelt?<\/h3>\n\n\n\n<p>Praxisnahe Ma\u00dfnahmen wie Notruf absetzen, stabile Seitenlage und Herz-Lungen-Wiederbelebung stehen im Fokus.<\/p>\n<\/div>\n<\/div>\n<\/div>\n\n\n\n<div class=\"wp-block-column ext-animate--on is-layout-flow wp-container-core-column-is-layout-119bc444 wp-block-column-is-layout-flow\">\n<div class=\"wp-block-group is-style-ext-preset--group--natural-1--item-card-1--align-start is-layout-constrained wp-block-group-is-layout-constrained\">\n<div class=\"wp-block-group is-style-default is-layout-constrained wp-block-group-is-layout-constrained\">\n<h3 class=\"wp-block-heading\">Wie oft muss die Ersthelferausbildung aufgefrischt werden?<\/h3>\n\n\n\n<p>Eine Auffrischung wird alle zwei Jahre empfohlen, um die Handlungssicherheit zu gew\u00e4hrleisten.<\/p>\n<\/div>\n<\/div>\n<\/div>\n<\/div>\n\n\n\n<div class=\"wp-block-columns alignwide is-layout-flex wp-container-core-columns-is-layout-967d05ff wp-block-columns-is-layout-flex\" style=\"margin-top:var(--wp--preset--spacing--40)\">\n<div class=\"wp-block-column ext-animate--on is-layout-flow wp-container-core-column-is-layout-119bc444 wp-block-column-is-layout-flow\">\n<div class=\"wp-block-group is-style-ext-preset--group--natural-1--item-card-1--align-start is-layout-constrained wp-block-group-is-layout-constrained\">\n<div class=\"wp-block-group is-style-default is-layout-constrained wp-block-group-is-layout-constrained\">\n<h3 class=\"wp-block-heading\">Wer f\u00fchrt die Ersthelferausbildung durch?<\/h3>\n\n\n\n<p>Ich f\u00fchre die Schulung als qualifizierter Erste-Hilfe-Trainer bzw. Ausbilder durch.<\/p>\n<\/div>\n<\/div>\n<\/div>\n\n\n\n<div class=\"wp-block-column ext-animate--on is-layout-flow wp-container-core-column-is-layout-119bc444 wp-block-column-is-layout-flow\">\n<div class=\"wp-block-group is-style-ext-preset--group--natural-1--item-card-1--align-start is-layout-constrained wp-block-group-is-layout-constrained\">\n<div class=\"wp-block-group is-style-default is-layout-constrained wp-block-group-is-layout-constrained\">\n<h3 class=\"wp-block-heading\">Was sind die Ziele der Ersthelferausbildung?<\/h3>\n\n\n\n<p>Sie soll Laien bef\u00e4higen, in Notf\u00e4llen schnell und sicher lebensrettende Erste Hilfe zu leisten.<\/p>\n<\/div>\n<\/div>\n<\/div>\n<\/div>\n<\/div>\n\n\n\n<div class=\"inherit-container-width wp-block-group alignfull is-style-ext-preset--group--natural-1--section has-background-background-color has-background is-layout-constrained wp-container-core-group-is-layout-e955bbaf wp-block-group-is-layout-constrained\" style=\"margin-top:0;margin-bottom:0;padding-top:var(--wp--preset--spacing--70);padding-bottom:var(--wp--preset--spacing--70)\">\n<div class=\"wp-block-media-text alignwide has-media-on-the-right is-stacked-on-mobile is-image-fill-element is-style-ext-preset--media-text--natural-1--card-1 ext-animate--on has-tertiary-background-color has-background\"><div class=\"wp-block-media-text__content\">\n<div class=\"wp-block-group alignwide is-vertical is-layout-flex wp-container-core-group-is-layout-53474e87 wp-block-group-is-layout-flex\" style=\"padding-top:var(--wp--preset--spacing--60);padding-bottom:var(--wp--preset--spacing--60)\">\n<div class=\"wp-block-group is-layout-constrained wp-container-core-group-is-layout-812d5580 wp-block-group-is-layout-constrained\" style=\"padding-top:0;padding-right:0;padding-bottom:0;padding-left:0\">\n<h2 class=\"wp-block-heading\">Werden Sie jetzt zum Lebensretter!<\/h2>\n\n\n\n<p>Erfahren Sie, wie Sie mit einer Ersthelferausbildung Leben retten k\u00f6nnen. Melden Sie sich an und profitieren Sie von praxisnahen Schulungen, die Sicherheit in Notf\u00e4llen geben.<gwmw style=\"display:none;\"><\/gwmw><\/p>\n<\/div>\n\n\n\n<div class=\"wp-block-buttons is-layout-flex wp-block-buttons-is-layout-flex\">\n<div class=\"wp-block-button is-style-ext-preset--button--natural-1--button-1\"><a class=\"wp-block-button__link wp-element-button\" href=\"#\">Jetzt informieren<\/a><\/div>\n<\/div>\n<\/div>\n<\/div><figure class=\"wp-block-media-text__media\"><img data-opt-id=1921867820  data-opt-src=\"https:\/\/ml6mm5zionw2.i.optimole.com\/w:auto\/h:auto\/q:mauto\/f:best\/https:\/\/ok-sifa.de\/wp-content\/uploads\/2026\/05\/e1ff5c9f69ac435bad031be3ca11bb3a5ac8122e.jpg\"  decoding=\"async\" width=\"1440\" height=\"960\" class=\"wp-image-338 size-full\" src=\"data:image/svg+xml,%3Csvg%20viewBox%3D%220%200%20100%%20100%%22%20width%3D%22100%%22%20height%3D%22100%%22%20xmlns%3D%22http%3A%2F%2Fwww.w3.org%2F2000%2Fsvg%22%3E%3Crect%20width%3D%22100%%22%20height%3D%22100%%22%20fill%3D%22transparent%22%2F%3E%3C%2Fsvg%3E\" alt=\"\" style=\"object-position:50% 50%\" old-srcset=\"https:\/\/ml6mm5zionw2.i.optimole.com\/w:1440\/h:960\/q:mauto\/f:best\/https:\/\/ok-sifa.de\/wp-content\/uploads\/2026\/05\/e1ff5c9f69ac435bad031be3ca11bb3a5ac8122e.jpg 1440w, https:\/\/ml6mm5zionw2.i.optimole.com\/w:300\/h:200\/q:mauto\/f:best\/https:\/\/ok-sifa.de\/wp-content\/uploads\/2026\/05\/e1ff5c9f69ac435bad031be3ca11bb3a5ac8122e.jpg 300w, https:\/\/ml6mm5zionw2.i.optimole.com\/w:1024\/h:683\/q:mauto\/f:best\/https:\/\/ok-sifa.de\/wp-content\/uploads\/2026\/05\/e1ff5c9f69ac435bad031be3ca11bb3a5ac8122e.jpg 1024w, https:\/\/ml6mm5zionw2.i.optimole.com\/w:768\/h:512\/q:mauto\/f:best\/https:\/\/ok-sifa.de\/wp-content\/uploads\/2026\/05\/e1ff5c9f69ac435bad031be3ca11bb3a5ac8122e.jpg 768w\" \/><\/figure><\/div>\n<\/div>\n","protected":false},"excerpt":{"rendered":"<p>Erfahren Sie, wie wir Menschen f\u00fcr den Ernstfall fit machen. Dieser Bereich erkl\u00e4rt die Bedeutung der Ersthelferausbildung, ihre Grundlagen und [&hellip;]<\/p>\n","protected":false},"author":1,"featured_media":0,"parent":258,"menu_order":0,"comment_status":"closed","ping_status":"closed","template":"","meta":{"site-sidebar-layout":"default","site-content-layout":"","ast-site-content-layout":"default","site-content-style":"default","site-sidebar-style":"default","ast-global-header-display":"","ast-banner-title-visibility":"","ast-main-header-display":"","ast-hfb-above-header-display":"","ast-hfb-below-header-display":"","ast-hfb-mobile-header-display":"","site-post-title":"","ast-breadcrumbs-content":"","ast-featured-img":"","footer-sml-layout":"","ast-disable-related-posts":"","theme-transparent-header-meta":"","adv-header-id-meta":"","stick-header-meta":"","header-above-stick-meta":"","header-main-stick-meta":"","header-below-stick-meta":"","astra-migrate-meta-layouts":"default","ast-page-background-enabled":"default","ast-page-background-meta":{"desktop":{"background-color":"var(--ast-global-color-5)","background-image":"","background-repeat":"repeat","background-position":"center center","background-size":"auto","background-attachment":"scroll","background-type":"","background-media":"","overlay-type":"","overlay-color":"","overlay-opacity":"","overlay-gradient":""},"tablet":{"background-color":"","background-image":"","background-repeat":"repeat","background-position":"center center","background-size":"auto","background-attachment":"scroll","background-type":"","background-media":"","overlay-type":"","overlay-color":"","overlay-opacity":"","overlay-gradient":""},"mobile":{"background-color":"","background-image":"","background-repeat":"repeat","background-position":"center center","background-size":"auto","background-attachment":"scroll","background-type":"","background-media":"","overlay-type":"","overlay-color":"","overlay-opacity":"","overlay-gradient":""}},"ast-content-background-meta":{"desktop":{"background-color":"var(--ast-global-color-4)","background-image":"","background-repeat":"repeat","background-position":"center center","background-size":"auto","background-attachment":"scroll","background-type":"","background-media":"","overlay-type":"","overlay-color":"","overlay-opacity":"","overlay-gradient":""},"tablet":{"background-color":"var(--ast-global-color-4)","background-image":"","background-repeat":"repeat","background-position":"center center","background-size":"auto","background-attachment":"scroll","background-type":"","background-media":"","overlay-type":"","overlay-color":"","overlay-opacity":"","overlay-gradient":""},"mobile":{"background-color":"var(--ast-global-color-4)","background-image":"","background-repeat":"repeat","background-position":"center center","background-size":"auto","background-attachment":"scroll","background-type":"","background-media":"","overlay-type":"","overlay-color":"","overlay-opacity":"","overlay-gradient":""}},"_themeisle_gutenberg_block_has_review":false,"footnotes":""},"class_list":["post-301","page","type-page","status-publish","hentry"],"_links":{"self":[{"href":"https:\/\/ok-sifa.de\/index.php?rest_route=\/wp\/v2\/pages\/301","targetHints":{"allow":["GET"]}}],"collection":[{"href":"https:\/\/ok-sifa.de\/index.php?rest_route=\/wp\/v2\/pages"}],"about":[{"href":"https:\/\/ok-sifa.de\/index.php?rest_route=\/wp\/v2\/types\/page"}],"author":[{"embeddable":true,"href":"https:\/\/ok-sifa.de\/index.php?rest_route=\/wp\/v2\/users\/1"}],"replies":[{"embeddable":true,"href":"https:\/\/ok-sifa.de\/index.php?rest_route=%2Fwp%2Fv2%2Fcomments&post=301"}],"version-history":[{"count":4,"href":"https:\/\/ok-sifa.de\/index.php?rest_route=\/wp\/v2\/pages\/301\/revisions"}],"predecessor-version":[{"id":339,"href":"https:\/\/ok-sifa.de\/index.php?rest_route=\/wp\/v2\/pages\/301\/revisions\/339"}],"up":[{"embeddable":true,"href":"https:\/\/ok-sifa.de\/index.php?rest_route=\/wp\/v2\/pages\/258"}],"wp:attachment":[{"href":"https:\/\/ok-sifa.de\/index.php?rest_route=%2Fwp%2Fv2%2Fmedia&parent=301"}],"curies":[{"name":"wp","href":"https:\/\/api.w.org\/{rel}","templated":true}]}}