{"id":297,"date":"2026-05-03T23:54:50","date_gmt":"2026-05-03T23:54:50","guid":{"rendered":"https:\/\/ok-sifa.de\/?page_id=297"},"modified":"2026-05-04T00:56:32","modified_gmt":"2026-05-04T00:56:32","slug":"staplerfahrer-ausbildung","status":"publish","type":"page","link":"https:\/\/ok-sifa.de\/?page_id=297","title":{"rendered":"Staplerfahrer Ausbildung"},"content":{"rendered":"\n<div class=\"inherit-container-width wp-block-group alignfull is-style-ext-preset--group--natural-1--section has-background-background-color has-background is-layout-constrained wp-container-core-group-is-layout-e955bbaf wp-block-group-is-layout-constrained\" style=\"margin-top:0;margin-bottom:0;padding-top:var(--wp--preset--spacing--70);padding-bottom:var(--wp--preset--spacing--70)\">\n<h2 class=\"wp-block-heading has-text-align-center ext-animate--on\">Starten Sie Ihre Karriere mit unserer zertifizierten Staplerfahrer-Ausbildung.<gwmw style=\"display:none;\"><\/gwmw><\/h2>\n\n\n\n<p class=\"has-text-align-center ext-animate--on\" style=\"margin-top:1.5rem\">Unsere Ausbildung vermittelt Ihnen praxisnah alle wichtigen Kenntnisse f\u00fcr sicheres und regelkonformes Staplerfahren.<\/p>\n\n\n\n<div class=\"wp-block-columns alignwide is-layout-flex wp-container-core-columns-is-layout-08c01c1c wp-block-columns-is-layout-flex\">\n<div class=\"wp-block-column is-vertically-aligned-stretch ext-animate--on is-layout-flow wp-container-core-column-is-layout-f5bb311e wp-block-column-is-layout-flow\">\n<div class=\"wp-block-group is-style-ext-preset--group--natural-1--item-card-1--align-center is-layout-constrained wp-block-group-is-layout-constrained\">\n<figure class=\"wp-block-image aligncenter size-large ext-aspect-landscape\"><img data-opt-id=2002739863  fetchpriority=\"high\" decoding=\"async\" width=\"819\" height=\"1024\" src=\"https:\/\/ml6mm5zionw2.i.optimole.com\/w:819\/h:1024\/q:mauto\/f:best\/https:\/\/ok-sifa.de\/wp-content\/uploads\/2026\/04\/460247861_883491446547575_1739062742029846323_n.jpg\" alt=\"\" class=\"wp-image-175\" style=\"aspect-ratio:4\/3;object-fit:cover\" srcset=\"https:\/\/ml6mm5zionw2.i.optimole.com\/w:819\/h:1024\/q:mauto\/f:best\/https:\/\/ok-sifa.de\/wp-content\/uploads\/2026\/04\/460247861_883491446547575_1739062742029846323_n.jpg 819w, https:\/\/ml6mm5zionw2.i.optimole.com\/w:240\/h:300\/q:mauto\/f:best\/https:\/\/ok-sifa.de\/wp-content\/uploads\/2026\/04\/460247861_883491446547575_1739062742029846323_n.jpg 240w, https:\/\/ml6mm5zionw2.i.optimole.com\/w:768\/h:960\/q:mauto\/f:best\/https:\/\/ok-sifa.de\/wp-content\/uploads\/2026\/04\/460247861_883491446547575_1739062742029846323_n.jpg 768w, https:\/\/ml6mm5zionw2.i.optimole.com\/w:1229\/h:1536\/q:mauto\/f:best\/https:\/\/ok-sifa.de\/wp-content\/uploads\/2026\/04\/460247861_883491446547575_1739062742029846323_n.jpg 1229w, https:\/\/ml6mm5zionw2.i.optimole.com\/w:1440\/h:1800\/q:mauto\/f:best\/https:\/\/ok-sifa.de\/wp-content\/uploads\/2026\/04\/460247861_883491446547575_1739062742029846323_n.jpg 1440w\" sizes=\"(max-width: 819px) 100vw, 819px\" \/><\/figure>\n\n\n\n<div class=\"wp-block-group is-style-default is-layout-constrained wp-block-group-is-layout-constrained\">\n<h3 class=\"wp-block-heading has-text-align-center\">Umfassende Rechtskenntnisse<\/h3>\n\n\n\n<p class=\"has-text-align-center\">Sie lernen alle relevanten Unfallverh\u00fctungsvorschriften und gesetzlichen Grundlagen f\u00fcr den sicheren Umgang mit Flurf\u00f6rderzeugen.<\/p>\n<\/div>\n<\/div>\n<\/div>\n\n\n\n<div class=\"wp-block-column is-vertically-aligned-stretch ext-animate--on is-layout-flow wp-container-core-column-is-layout-f5bb311e wp-block-column-is-layout-flow\">\n<div class=\"wp-block-group is-style-ext-preset--group--natural-1--item-card-1--align-center is-layout-constrained wp-block-group-is-layout-constrained\">\n<figure class=\"wp-block-image aligncenter size-large ext-aspect-landscape\"><img data-opt-id=994766739  fetchpriority=\"high\" decoding=\"async\" width=\"1024\" height=\"722\" src=\"https:\/\/ml6mm5zionw2.i.optimole.com\/w:1024\/h:722\/q:mauto\/f:best\/https:\/\/ok-sifa.de\/wp-content\/uploads\/2026\/05\/1-10.jpg\" alt=\"\" class=\"wp-image-259\" style=\"aspect-ratio:4\/3;object-fit:cover\" srcset=\"https:\/\/ml6mm5zionw2.i.optimole.com\/w:1024\/h:722\/q:mauto\/f:best\/https:\/\/ok-sifa.de\/wp-content\/uploads\/2026\/05\/1-10.jpg 1024w, https:\/\/ml6mm5zionw2.i.optimole.com\/w:300\/h:212\/q:mauto\/f:best\/https:\/\/ok-sifa.de\/wp-content\/uploads\/2026\/05\/1-10.jpg 300w, https:\/\/ml6mm5zionw2.i.optimole.com\/w:768\/h:542\/q:mauto\/f:best\/https:\/\/ok-sifa.de\/wp-content\/uploads\/2026\/05\/1-10.jpg 768w, https:\/\/ml6mm5zionw2.i.optimole.com\/w:1140\/h:804\/q:mauto\/f:best\/https:\/\/ok-sifa.de\/wp-content\/uploads\/2026\/05\/1-10.jpg 1140w\" sizes=\"(max-width: 1000px) 100vw, 1000px\" \/><\/figure>\n\n\n\n<div class=\"wp-block-group is-style-default is-layout-constrained wp-block-group-is-layout-constrained\">\n<h3 class=\"wp-block-heading has-text-align-center\">Praxisorientiertes Training<\/h3>\n\n\n\n<p class=\"has-text-align-center\">In praktischen \u00dcbungen erwerben Sie Fahrtechnik und Sicherheitsverhalten, um im Arbeitsalltag sicher und effizient zu agieren.<\/p>\n<\/div>\n<\/div>\n<\/div>\n\n\n\n<div class=\"wp-block-column is-vertically-aligned-stretch ext-animate--on is-layout-flow wp-container-core-column-is-layout-f5bb311e wp-block-column-is-layout-flow\">\n<div class=\"wp-block-group is-style-ext-preset--group--natural-1--item-card-1--align-center is-layout-constrained wp-block-group-is-layout-constrained\">\n<figure class=\"wp-block-image aligncenter size-full ext-aspect-landscape\"><img data-opt-id=881444908  data-opt-src=\"https:\/\/ml6mm5zionw2.i.optimole.com\/w:auto\/h:auto\/q:mauto\/f:best\/https:\/\/ok-sifa.de\/wp-content\/uploads\/2026\/05\/1-9.jpg\"  decoding=\"async\" width=\"864\" height=\"701\" src=\"data:image/svg+xml,%3Csvg%20viewBox%3D%220%200%20100%%20100%%22%20width%3D%22100%%22%20height%3D%22100%%22%20xmlns%3D%22http%3A%2F%2Fwww.w3.org%2F2000%2Fsvg%22%3E%3Crect%20width%3D%22100%%22%20height%3D%22100%%22%20fill%3D%22transparent%22%2F%3E%3C%2Fsvg%3E\" alt=\"\" class=\"wp-image-298\" style=\"aspect-ratio:4\/3;object-fit:cover\"\/><\/figure>\n\n\n\n<div class=\"wp-block-group is-style-default is-layout-constrained wp-block-group-is-layout-constrained\">\n<h3 class=\"wp-block-heading\">Zertifizierter Abschluss<\/h3>\n\n\n\n<p class=\"has-text-align-center\">Am Kursende erhalten Sie eine anerkannte Bescheinigung, die Ihre Bef\u00e4higung zum Staplerfahren offiziell best\u00e4tigt.<\/p>\n<\/div>\n<\/div>\n<\/div>\n<\/div>\n<\/div>\n\n\n\n<figure class=\"wp-block-image aligncenter size-full is-resized\"><img data-opt-id=160984538  data-opt-src=\"https:\/\/ml6mm5zionw2.i.optimole.com\/w:auto\/h:auto\/q:mauto\/f:best\/https:\/\/ok-sifa.de\/wp-content\/uploads\/2026\/05\/455626494_1436182663767420_2658354637629886492_n.jpg\"  decoding=\"async\" width=\"720\" height=\"720\" src=\"data:image/svg+xml,%3Csvg%20viewBox%3D%220%200%20100%%20100%%22%20width%3D%22100%%22%20height%3D%22100%%22%20xmlns%3D%22http%3A%2F%2Fwww.w3.org%2F2000%2Fsvg%22%3E%3Crect%20width%3D%22100%%22%20height%3D%22100%%22%20fill%3D%22transparent%22%2F%3E%3C%2Fsvg%3E\" alt=\"\" class=\"wp-image-299\" style=\"width:531px;height:auto\" old-srcset=\"https:\/\/ml6mm5zionw2.i.optimole.com\/w:720\/h:720\/q:mauto\/f:best\/https:\/\/ok-sifa.de\/wp-content\/uploads\/2026\/05\/455626494_1436182663767420_2658354637629886492_n.jpg 720w, https:\/\/ml6mm5zionw2.i.optimole.com\/w:300\/h:300\/q:mauto\/f:best\/https:\/\/ok-sifa.de\/wp-content\/uploads\/2026\/05\/455626494_1436182663767420_2658354637629886492_n.jpg 300w, https:\/\/ml6mm5zionw2.i.optimole.com\/w:150\/h:150\/q:mauto\/f:best\/https:\/\/ok-sifa.de\/wp-content\/uploads\/2026\/05\/455626494_1436182663767420_2658354637629886492_n.jpg 150w, https:\/\/ml6mm5zionw2.i.optimole.com\/w:111\/h:111\/q:mauto\/f:best\/dpr:2\/https:\/\/ok-sifa.de\/wp-content\/uploads\/2026\/05\/455626494_1436182663767420_2658354637629886492_n.jpg 111w\" \/><\/figure>\n\n\n\n<div class=\"inherit-container-width wp-block-group alignfull is-style-ext-preset--group--natural-1--section has-tertiary-background-color has-background is-layout-constrained wp-container-core-group-is-layout-e955bbaf wp-block-group-is-layout-constrained\" style=\"margin-top:0;margin-bottom:0;padding-top:var(--wp--preset--spacing--70);padding-bottom:var(--wp--preset--spacing--70)\">\n<h2 class=\"wp-block-heading has-text-align-center ext-animate--on\">Unsere Ausbildung im \u00dcberblick<\/h2>\n\n\n\n<p class=\"has-text-align-center ext-animate--on\" style=\"margin-top:1.5rem\">Erfahren Sie Schritt f\u00fcr Schritt, wie Sie bei uns Ihre Staplerfahrer-Qualifikation sicher und praxisnah erlangen.<\/p>\n\n\n\n<div class=\"wp-block-columns alignwide is-layout-flex wp-container-core-columns-is-layout-08c01c1c wp-block-columns-is-layout-flex\">\n<div class=\"wp-block-column is-vertically-aligned-stretch ext-animate--on is-layout-flow wp-container-core-column-is-layout-f5bb311e wp-block-column-is-layout-flow\">\n<div class=\"wp-block-group is-style-ext-preset--group--natural-1--item-card-1--align-center is-layout-constrained wp-block-group-is-layout-constrained\">\n<div class=\"wp-block-group is-style-default is-layout-constrained wp-block-group-is-layout-constrained\">\n<figure class=\"wp-block-image aligncenter size-large ext-aspect-landscape wp-duotone-varpresetduotoneprimary-foreground-1\"><img data-opt-id=539451468  decoding=\"async\" src=\"data:image\/svg+xml;base64,PHN2ZyB4bWxucz0iaHR0cDovL3d3dy53My5vcmcvMjAwMC9zdmciIHdpZHRoPSI0OCIgaGVpZ2h0PSI0OCIgZmlsbD0iIzAwMDAwMCIgdmlld0JveD0iMCAwIDI1NiAyNTYiPjxwYXRoIGQ9Ik0xMjgsMjRBMTA0LDEwNCwwLDEsMCwyMzIsMTI4LDEwNC4xMSwxMDQuMTEsMCwwLDAsMTI4LDI0Wm0wLDE5MmE4OCw4OCwwLDEsMSw4OC04OEE4OC4xLDg4LjEsMCwwLDEsMTI4LDIxNlpNMTQwLDgwdjk2YTgsOCwwLDAsMS0xNiwwVjk1bC0xMS41Niw3LjcxYTgsOCwwLDEsMS04Ljg4LTEzLjMybDI0LTE2QTgsOCwwLDAsMSwxNDAsODBaIj48L3BhdGg+PC9zdmc+\" alt=\"\" style=\"object-fit:cover\"\/><\/figure>\n\n\n\n<h3 class=\"wp-block-heading has-text-align-center\">Schritt Eins: Anmeldung<\/h3>\n\n\n\n<p class=\"has-text-align-center\">Melden Sie sich unkompliziert f\u00fcr den Kurs an und erhalten Sie alle notwendigen Informationen f\u00fcr einen erfolgreichen Start.<\/p>\n<\/div>\n<\/div>\n<\/div>\n\n\n\n<div class=\"wp-block-column is-vertically-aligned-stretch ext-animate--on is-layout-flow wp-container-core-column-is-layout-f5bb311e wp-block-column-is-layout-flow\">\n<div class=\"wp-block-group is-style-ext-preset--group--natural-1--item-card-1--align-center is-layout-constrained wp-block-group-is-layout-constrained\">\n<div class=\"wp-block-group is-style-default is-layout-constrained wp-block-group-is-layout-constrained\">\n<figure class=\"wp-block-image aligncenter size-large ext-aspect-landscape wp-duotone-varpresetduotoneprimary-foreground-2\"><img data-opt-id=539451468  decoding=\"async\" src=\"data:image\/svg+xml;base64,PHN2ZyB4bWxucz0iaHR0cDovL3d3dy53My5vcmcvMjAwMC9zdmciIHdpZHRoPSI0OCIgaGVpZ2h0PSI0OCIgZmlsbD0iIzAwMDAwMCIgdmlld0JveD0iMCAwIDI1NiAyNTYiPjxwYXRoIGQ9Ik0xMjgsMjRBMTA0LDEwNCwwLDEsMCwyMzIsMTI4LDEwNC4xMSwxMDQuMTEsMCwwLDAsMTI4LDI0Wm0wLDE5MmE4OCw4OCwwLDEsMSw4OC04OEE4OC4xLDg4LjEsMCwwLDEsMTI4LDIxNlptMjUuNTYtOTIuNzRMMTIwLDE2OGgzMmE4LDgsMCwwLDEsMCwxNkgxMDRhOCw4LDAsMCwxLTYuNC0xMi44bDQzLjE3LTU3LjU2YTE2LDE2LDAsMSwwLTI3Ljg2LTE1LDgsOCwwLDAsMS0xNS4wOS01LjM0LDMyLDMyLDAsMSwxLDU1Ljc0LDI5LjkzWiI+PC9wYXRoPjwvc3ZnPg==\" alt=\"\" style=\"object-fit:cover\"\/><\/figure>\n\n\n\n<h3 class=\"wp-block-heading has-text-align-center\">Schritt Zwei: Theoretische Schulung<\/h3>\n\n\n\n<p class=\"has-text-align-center\">Lernen Sie alle relevanten rechtlichen Vorgaben und Sicherheitshinweise, um gut vorbereitet in die Praxis zu starten.<\/p>\n<\/div>\n<\/div>\n<\/div>\n\n\n\n<div class=\"wp-block-column is-vertically-aligned-stretch ext-animate--on is-layout-flow wp-container-core-column-is-layout-f5bb311e wp-block-column-is-layout-flow\">\n<div class=\"wp-block-group is-style-ext-preset--group--natural-1--item-card-1--align-center is-layout-constrained wp-block-group-is-layout-constrained\">\n<div class=\"wp-block-group is-style-default is-layout-constrained wp-block-group-is-layout-constrained\">\n<figure class=\"wp-block-image aligncenter size-large ext-aspect-landscape wp-duotone-varpresetduotoneprimary-foreground-3\"><img data-opt-id=539451468  decoding=\"async\" src=\"data:image\/svg+xml;base64,PHN2ZyB4bWxucz0iaHR0cDovL3d3dy53My5vcmcvMjAwMC9zdmciIHdpZHRoPSI0OCIgaGVpZ2h0PSI0OCIgZmlsbD0iIzAwMDAwMCIgdmlld0JveD0iMCAwIDI1NiAyNTYiPjxwYXRoIGQ9Ik0xMjgsMjRBMTA0LDEwNCwwLDEsMCwyMzIsMTI4LDEwNC4xMSwxMDQuMTEsMCwwLDAsMTI4LDI0Wm0wLDE5MmE4OCw4OCwwLDEsMSw4OC04OEE4OC4xLDg4LjEsMCwwLDEsMTI4LDIxNlptMzItNjRhMzYsMzYsMCwwLDEtNjEuNzEsMjUuMTlBOCw4LDAsMSwxLDEwOS43MSwxNjYsMjAsMjAsMCwxLDAsMTI0LDEzMmE4LDgsMCwwLDEtNi41NS0xMi41OUwxMzYuNjMsOTJIMTA0YTgsOCwwLDAsMSwwLTE2aDQ4YTgsOCwwLDAsMSw2LjU1LDEyLjU5bC0yMSwzMEEzNi4wNywzNi4wNywwLDAsMSwxNjAsMTUyWiI+PC9wYXRoPjwvc3ZnPg==\" alt=\"\" style=\"object-fit:cover\"\/><\/figure>\n\n\n\n<h3 class=\"wp-block-heading has-text-align-center\">Schritt Drei: Praktische \u00dcbungen<\/h3>\n\n\n\n<p class=\"has-text-align-center\">\u00dcben Sie das sichere Fahren und Man\u00f6vrieren des Gabelstaplers unter professioneller Anleitung bis zur Abschlusspr\u00fcfung.<\/p>\n<\/div>\n<\/div>\n<\/div>\n<\/div>\n<\/div>\n\n\n\n<div class=\"inherit-container-width wp-block-group alignfull is-style-ext-preset--group--natural-1--section has-background-background-color has-background is-layout-constrained wp-container-core-group-is-layout-e955bbaf wp-block-group-is-layout-constrained\" style=\"margin-top:0;margin-bottom:0;padding-top:var(--wp--preset--spacing--70);padding-bottom:var(--wp--preset--spacing--70)\">\n<h2 class=\"wp-block-heading has-text-align-center ext-animate--on\">Erfahren Sie mehr \u00fcber unsere Staplerfahrer Ausbildung.<gwmw style=\"display:none;\"><\/gwmw><\/h2>\n\n\n\n<p class=\"has-text-align-center ext-animate--on\" style=\"margin-top:1.5rem\">Unsere Ausbildung vermittelt alle wichtigen Inhalte von Sicherheitsvorschriften bis zu praktischen \u00dcbungen f\u00fcr Ihren sicheren Staplereinsatz.<gwmw style=\"display:none;\"><\/gwmw><\/p>\n\n\n\n<div class=\"wp-block-columns alignwide is-layout-flex wp-container-core-columns-is-layout-08c01c1c wp-block-columns-is-layout-flex\">\n<div class=\"wp-block-column ext-animate--on is-layout-flow wp-block-column-is-layout-flow\">\n<div class=\"wp-block-group is-style-ext-preset--group--natural-1--item-card-1--align-center is-layout-constrained wp-block-group-is-layout-constrained\">\n<div class=\"wp-block-group is-style-default is-layout-constrained wp-block-group-is-layout-constrained\">\n<h3 class=\"wp-block-heading has-text-align-center\">Praxisorientierte Theorie<\/h3>\n\n\n\n<p class=\"has-text-align-center\">Umfassender Unterricht zu Rechtsvorschriften und Unfallverh\u00fctung.<\/p>\n<\/div>\n<\/div>\n<\/div>\n\n\n\n<div class=\"wp-block-column ext-animate--on is-layout-flow wp-block-column-is-layout-flow\">\n<div class=\"wp-block-group is-style-ext-preset--group--natural-1--item-card-1--align-center is-layout-constrained wp-block-group-is-layout-constrained\">\n<div class=\"wp-block-group is-style-default is-layout-constrained wp-block-group-is-layout-constrained\">\n<h3 class=\"wp-block-heading has-text-align-center\">Sicheres Fahrtraining<\/h3>\n\n\n\n<p class=\"has-text-align-center\">Intensive Fahrpraxis unter professioneller Anleitung.<\/p>\n<\/div>\n<\/div>\n<\/div>\n\n\n\n<div class=\"wp-block-column ext-animate--on is-layout-flow wp-block-column-is-layout-flow\">\n<div class=\"wp-block-group is-style-ext-preset--group--natural-1--item-card-1--align-center is-layout-constrained wp-block-group-is-layout-constrained\">\n<div class=\"wp-block-group is-style-default is-layout-constrained wp-block-group-is-layout-constrained\">\n<h3 class=\"wp-block-heading has-text-align-center\">Abschlusszertifikat<\/h3>\n\n\n\n<p class=\"has-text-align-center\">Offizieller Bef\u00e4higungsnachweis nach Berufsgenossenschaft.<\/p>\n<\/div>\n<\/div>\n<\/div>\n<\/div>\n<\/div>\n\n\n\n<div class=\"inherit-container-width wp-block-group alignfull is-style-ext-preset--group--natural-1--section has-background-background-color has-background is-layout-constrained wp-block-group-is-layout-constrained\" style=\"margin-top:0;margin-bottom:0;padding-top:var(--wp--preset--spacing--70);padding-bottom:var(--wp--preset--spacing--70)\">\n<div class=\"wp-block-columns alignwide is-layout-flex wp-container-core-columns-is-layout-174606dc wp-block-columns-is-layout-flex\">\n<div class=\"wp-block-column is-vertically-aligned-top ext-animate--on is-layout-flow wp-block-column-is-layout-flow\">\n<h2 class=\"wp-block-heading ext-animate--off\">Starten Sie jetzt Ihre zertifizierte Staplerfahrer-Ausbildung<\/h2>\n<\/div>\n\n\n\n<div class=\"wp-block-column is-layout-flow wp-block-column-is-layout-flow\">\n<p class=\"ext-animate--on\">Nutzen Sie die Gelegenheit, Ihre Kenntnisse zu erweitern und die offizielle Qualifikation zu erhalten. Melden Sie sich einfach f\u00fcr unseren Kurs an und profitieren Sie von praxisnaher Schulung und rechtssicherer Zertifizierung.<\/p>\n\n\n\n<div class=\"wp-block-buttons ext-animate--on is-layout-flex wp-block-buttons-is-layout-flex\">\n<div class=\"wp-block-button is-style-ext-preset--button--natural-1--button-1\"><a class=\"wp-block-button__link wp-element-button\" href=\"#\">Mehr erfahren<\/a><\/div>\n<\/div>\n<\/div>\n<\/div>\n<\/div>\n\n\n\n<p><gwmw style=\"display:none;\"><\/gwmw><\/p>\n\n\n\n<p><gwmw style=\"display:none;\"><\/gwmw><\/p>\n\n\n\n<p><gwmw style=\"display:none;\"><\/gwmw><\/p>\n\n\n\n<p><gwmw style=\"display:none;\"><\/gwmw><gwmw style=\"display:none;\"><\/gwmw><\/p>\n\n\n\n<p><gwmw style=\"display:none;\"><\/gwmw><\/p>\n\n\n\n<p><gwmw style=\"display:none;\"><\/gwmw><\/p>\n","protected":false},"excerpt":{"rendered":"<p>Starten Sie Ihre Karriere mit unserer zertifizierten Staplerfahrer-Ausbildung. Unsere Ausbildung vermittelt Ihnen praxisnah alle wichtigen Kenntnisse f\u00fcr sicheres und regelkonformes [&hellip;]<\/p>\n","protected":false},"author":1,"featured_media":0,"parent":258,"menu_order":0,"comment_status":"closed","ping_status":"closed","template":"","meta":{"site-sidebar-layout":"default","site-content-layout":"","ast-site-content-layout":"default","site-content-style":"default","site-sidebar-style":"default","ast-global-header-display":"","ast-banner-title-visibility":"","ast-main-header-display":"","ast-hfb-above-header-display":"","ast-hfb-below-header-display":"","ast-hfb-mobile-header-display":"","site-post-title":"","ast-breadcrumbs-content":"","ast-featured-img":"","footer-sml-layout":"","ast-disable-related-posts":"","theme-transparent-header-meta":"","adv-header-id-meta":"","stick-header-meta":"","header-above-stick-meta":"","header-main-stick-meta":"","header-below-stick-meta":"","astra-migrate-meta-layouts":"default","ast-page-background-enabled":"default","ast-page-background-meta":{"desktop":{"background-color":"var(--ast-global-color-5)","background-image":"","background-repeat":"repeat","background-position":"center center","background-size":"auto","background-attachment":"scroll","background-type":"","background-media":"","overlay-type":"","overlay-color":"","overlay-opacity":"","overlay-gradient":""},"tablet":{"background-color":"","background-image":"","background-repeat":"repeat","background-position":"center center","background-size":"auto","background-attachment":"scroll","background-type":"","background-media":"","overlay-type":"","overlay-color":"","overlay-opacity":"","overlay-gradient":""},"mobile":{"background-color":"","background-image":"","background-repeat":"repeat","background-position":"center center","background-size":"auto","background-attachment":"scroll","background-type":"","background-media":"","overlay-type":"","overlay-color":"","overlay-opacity":"","overlay-gradient":""}},"ast-content-background-meta":{"desktop":{"background-color":"var(--ast-global-color-4)","background-image":"","background-repeat":"repeat","background-position":"center center","background-size":"auto","background-attachment":"scroll","background-type":"","background-media":"","overlay-type":"","overlay-color":"","overlay-opacity":"","overlay-gradient":""},"tablet":{"background-color":"var(--ast-global-color-4)","background-image":"","background-repeat":"repeat","background-position":"center center","background-size":"auto","background-attachment":"scroll","background-type":"","background-media":"","overlay-type":"","overlay-color":"","overlay-opacity":"","overlay-gradient":""},"mobile":{"background-color":"var(--ast-global-color-4)","background-image":"","background-repeat":"repeat","background-position":"center center","background-size":"auto","background-attachment":"scroll","background-type":"","background-media":"","overlay-type":"","overlay-color":"","overlay-opacity":"","overlay-gradient":""}},"_themeisle_gutenberg_block_has_review":false,"footnotes":""},"class_list":["post-297","page","type-page","status-publish","hentry"],"_links":{"self":[{"href":"https:\/\/ok-sifa.de\/index.php?rest_route=\/wp\/v2\/pages\/297","targetHints":{"allow":["GET"]}}],"collection":[{"href":"https:\/\/ok-sifa.de\/index.php?rest_route=\/wp\/v2\/pages"}],"about":[{"href":"https:\/\/ok-sifa.de\/index.php?rest_route=\/wp\/v2\/types\/page"}],"author":[{"embeddable":true,"href":"https:\/\/ok-sifa.de\/index.php?rest_route=\/wp\/v2\/users\/1"}],"replies":[{"embeddable":true,"href":"https:\/\/ok-sifa.de\/index.php?rest_route=%2Fwp%2Fv2%2Fcomments&post=297"}],"version-history":[{"count":2,"href":"https:\/\/ok-sifa.de\/index.php?rest_route=\/wp\/v2\/pages\/297\/revisions"}],"predecessor-version":[{"id":337,"href":"https:\/\/ok-sifa.de\/index.php?rest_route=\/wp\/v2\/pages\/297\/revisions\/337"}],"up":[{"embeddable":true,"href":"https:\/\/ok-sifa.de\/index.php?rest_route=\/wp\/v2\/pages\/258"}],"wp:attachment":[{"href":"https:\/\/ok-sifa.de\/index.php?rest_route=%2Fwp%2Fv2%2Fmedia&parent=297"}],"curies":[{"name":"wp","href":"https:\/\/api.w.org\/{rel}","templated":true}]}}