{"id":20,"date":"2026-04-27T11:48:37","date_gmt":"2026-04-27T11:48:37","guid":{"rendered":"https:\/\/ok-sifa.de\/dienstleistungen\/"},"modified":"2026-05-04T02:25:00","modified_gmt":"2026-05-04T02:25:00","slug":"dienstleistungen","status":"publish","type":"page","link":"https:\/\/ok-sifa.de\/?page_id=20","title":{"rendered":"BRANDSCHUTZ"},"content":{"rendered":"\n<p><\/p>\n\n\n\n<figure class=\"wp-block-image aligncenter size-full is-resized\"><img data-opt-id=267421679  fetchpriority=\"high\" decoding=\"async\" width=\"709\" height=\"991\" src=\"https:\/\/ml6mm5zionw2.i.optimole.com\/w:auto\/h:auto\/q:mauto\/f:best\/https:\/\/ok-sifa.de\/wp-content\/uploads\/2026\/05\/Brand-Fett-6.png\" alt=\"\" class=\"wp-image-364\" style=\"aspect-ratio:0.7154411081156457;width:529px;height:auto\" srcset=\"https:\/\/ml6mm5zionw2.i.optimole.com\/w:709\/h:991\/q:mauto\/f:best\/https:\/\/ok-sifa.de\/wp-content\/uploads\/2026\/05\/Brand-Fett-6.png 709w, https:\/\/ml6mm5zionw2.i.optimole.com\/w:215\/h:300\/q:mauto\/f:best\/https:\/\/ok-sifa.de\/wp-content\/uploads\/2026\/05\/Brand-Fett-6.png 215w\" sizes=\"(max-width: 709px) 100vw, 709px\" \/><\/figure>\n\n\n\n<div class=\"inherit-container-width wp-block-group alignfull is-style-ext-preset--group--natural-1--section has-background-background-color has-background is-layout-constrained wp-container-core-group-is-layout-f72f1611 wp-block-group-is-layout-constrained\" id=\"dienstleistungen\" style=\"margin-top:0;margin-bottom:0;padding-top:var(--wp--preset--spacing--70);padding-bottom:var(--wp--preset--spacing--70)\">\n<div class=\"wp-block-group alignwide ext-is-logical-start is-content-justification-left is-layout-constrained wp-container-core-group-is-layout-6729bdbe wp-block-group-is-layout-constrained\">\n<h2 class=\"wp-block-heading ext-animate--on\">Externer Brandschutzbeauftragter&nbsp;<\/h2>\n\n\n\n<p class=\"has-text-align-left ext-animate--on\">Vorbeugender Brandschutz rettet t\u00e4glich Leben und sch\u00fctzt Sachwerte. Statistisch gesehen entsteht in Deutschland alle f\u00fcnf Minuten ein Brand in einem Unternehmen \u2013 mit oft verheerenden Folgen.<gwmw style=\"display:none;\"><\/gwmw><gwmw style=\"display:none;\"><\/gwmw><\/p>\n\n\n\n<p class=\"has-text-align-left ext-animate--on\">Selbst wenn eine Feuer- und Geb\u00e4udeversicherung besteht, geraten viele betroffene Betriebe nach einem Brand in wirtschaftliche Schwierigkeiten. Produktionsausf\u00e4lle, Datenverluste und Betriebsunterbrechungen k\u00f6nnen existenzbedrohend sein.<\/p>\n\n\n\n<p><gwmw style=\"display:none;\"><\/gwmw><\/p>\n<\/div>\n\n\n\n<div class=\"wp-block-columns alignwide is-layout-flex wp-container-core-columns-is-layout-08c01c1c wp-block-columns-is-layout-flex\">\n<div class=\"wp-block-column is-vertically-aligned-stretch ext-animate--on is-layout-flow wp-container-core-column-is-layout-f5bb311e wp-block-column-is-layout-flow\">\n<div class=\"wp-block-group is-style-ext-preset--group--natural-1--item-card-1--align-start is-layout-constrained wp-block-group-is-layout-constrained\">\n<div class=\"wp-block-group is-style-default is-layout-constrained wp-block-group-is-layout-constrained\">\n<h3 class=\"wp-block-heading\">   H\u00e4ufige Brandursachen<\/h3>\n\n\n\n<figure class=\"wp-block-image size-full\"><img data-opt-id=1477977143  fetchpriority=\"high\" decoding=\"async\" width=\"578\" height=\"266\" src=\"https:\/\/ml6mm5zionw2.i.optimole.com\/w:auto\/h:auto\/q:mauto\/f:best\/https:\/\/ok-sifa.de\/wp-content\/uploads\/2026\/04\/Screenshot-2025-11-24-092403.jpg\" alt=\"\" class=\"wp-image-86\"\/><\/figure>\n\n\n\n<p>Br\u00e4nde entstehen schneller, als man denkt. Zu den h\u00e4ufigsten Ursachen z\u00e4hlen: <\/p>\n\n\n\n<ul class=\"wp-block-list\">\n<li>Technische Defekte an Maschinen oder elektrischen Anlagen Offenes Feuer und unsachgem\u00e4\u00dfer Umgang mit Hitzequellen<gwmw style=\"display:none;\"><\/gwmw><\/li>\n<\/ul>\n\n\n\n<ul class=\"wp-block-list\">\n<li>Feuergef\u00e4hrliche Arbeiten (z. B. Schwei\u00dfen oder Trennen)<gwmw style=\"display:none;\"><\/gwmw><\/li>\n<\/ul>\n\n\n\n<ul class=\"wp-block-list\">\n<li>Menschliche Nachl\u00e4ssigkeit oder Fehlverhalten<gwmw style=\"display:none;\"><\/gwmw><\/li>\n<\/ul>\n\n\n\n<ul class=\"wp-block-list\">\n<li>Vors\u00e4tzliche Brandstiftung<gwmw style=\"display:none;\"><\/gwmw><\/li>\n<\/ul>\n\n\n\n<p>Egal ob im Betrieb, unterwegs oder im privaten Umfeld \u2013 die Risiken sind vielf\u00e4ltig und oft untersch\u00e4tzt.<\/p>\n<\/div>\n<\/div>\n<\/div>\n\n\n\n<div class=\"wp-block-column is-vertically-aligned-stretch ext-animate--on is-layout-flow wp-container-core-column-is-layout-f5bb311e wp-block-column-is-layout-flow\">\n<div class=\"wp-block-group is-style-ext-preset--group--natural-1--item-card-1--align-start is-layout-constrained wp-block-group-is-layout-constrained\">\n<div class=\"wp-block-group is-style-default is-layout-grid wp-container-core-group-is-layout-478b6e6b wp-block-group-is-layout-grid\">\n<h3 class=\"wp-block-heading\">     Sicherheitsberatung<\/h3>\n\n\n\n<p>Individuelle Beratung zur Optimierung Ihrer betrieblichen Sicherheitsstandards.<gwmw style=\"display:none;\"><\/gwmw><\/p>\n<\/div>\n<\/div>\n\n\n\n<figure class=\"wp-block-gallery has-nested-images columns-default is-cropped wp-block-gallery-1 is-layout-flex wp-block-gallery-is-layout-flex\">\n<figure class=\"wp-block-image size-large\"><img data-opt-id=2145592110  data-opt-src=\"https:\/\/ml6mm5zionw2.i.optimole.com\/w:1024\/h:683\/q:mauto\/f:best\/https:\/\/ok-sifa.de\/wp-content\/uploads\/2026\/04\/ChatGPT-Image-12.-Feb.-2026-22_30_20-1.png\"  decoding=\"async\" width=\"1024\" height=\"683\" data-id=\"84\" src=\"data:image/svg+xml,%3Csvg%20viewBox%3D%220%200%201024%20683%22%20width%3D%221024%22%20height%3D%22683%22%20xmlns%3D%22http%3A%2F%2Fwww.w3.org%2F2000%2Fsvg%22%3E%3Crect%20width%3D%221024%22%20height%3D%22683%22%20fill%3D%22transparent%22%2F%3E%3C%2Fsvg%3E\" alt=\"\" class=\"wp-image-84\" old-srcset=\"https:\/\/ml6mm5zionw2.i.optimole.com\/w:1024\/h:683\/q:mauto\/f:best\/https:\/\/ok-sifa.de\/wp-content\/uploads\/2026\/04\/ChatGPT-Image-12.-Feb.-2026-22_30_20-1.png 1024w, https:\/\/ml6mm5zionw2.i.optimole.com\/w:300\/h:200\/q:mauto\/f:best\/https:\/\/ok-sifa.de\/wp-content\/uploads\/2026\/04\/ChatGPT-Image-12.-Feb.-2026-22_30_20-1.png 300w, https:\/\/ml6mm5zionw2.i.optimole.com\/w:768\/h:512\/q:mauto\/f:best\/https:\/\/ok-sifa.de\/wp-content\/uploads\/2026\/04\/ChatGPT-Image-12.-Feb.-2026-22_30_20-1.png 768w, https:\/\/ml6mm5zionw2.i.optimole.com\/w:1536\/h:1024\/q:mauto\/f:best\/https:\/\/ok-sifa.de\/wp-content\/uploads\/2026\/04\/ChatGPT-Image-12.-Feb.-2026-22_30_20-1.png 1536w\" \/><\/figure>\n<\/figure>\n<\/div>\n\n\n\n<div class=\"wp-block-column is-vertically-aligned-stretch ext-animate--on is-layout-flow wp-container-core-column-is-layout-f5bb311e wp-block-column-is-layout-flow\">\n<div class=\"wp-block-group is-style-ext-preset--group--natural-1--item-card-1--align-start is-layout-constrained wp-block-group-is-layout-constrained\">\n<div class=\"wp-block-group is-style-default is-layout-constrained wp-block-group-is-layout-constrained\">\n<h3 class=\"wp-block-heading\">    Mitarbeiterschulungen<\/h3>\n\n\n\n<figure class=\"wp-block-image size-large\"><img data-opt-id=92942364  data-opt-src=\"https:\/\/ml6mm5zionw2.i.optimole.com\/w:1024\/h:512\/q:mauto\/f:best\/https:\/\/ok-sifa.de\/wp-content\/uploads\/2026\/04\/1-13.jpg\"  decoding=\"async\" width=\"1024\" height=\"512\" src=\"data:image/svg+xml,%3Csvg%20viewBox%3D%220%200%201024%20512%22%20width%3D%221024%22%20height%3D%22512%22%20xmlns%3D%22http%3A%2F%2Fwww.w3.org%2F2000%2Fsvg%22%3E%3Crect%20width%3D%221024%22%20height%3D%22512%22%20fill%3D%22transparent%22%2F%3E%3C%2Fsvg%3E\" alt=\"\" class=\"wp-image-82\" old-srcset=\"https:\/\/ml6mm5zionw2.i.optimole.com\/w:1024\/h:512\/q:mauto\/f:best\/https:\/\/ok-sifa.de\/wp-content\/uploads\/2026\/04\/1-13.jpg 1024w, https:\/\/ml6mm5zionw2.i.optimole.com\/w:300\/h:150\/q:mauto\/f:best\/https:\/\/ok-sifa.de\/wp-content\/uploads\/2026\/04\/1-13.jpg 300w, https:\/\/ml6mm5zionw2.i.optimole.com\/w:768\/h:384\/q:mauto\/f:best\/https:\/\/ok-sifa.de\/wp-content\/uploads\/2026\/04\/1-13.jpg 768w, https:\/\/ml6mm5zionw2.i.optimole.com\/w:1200\/h:600\/q:mauto\/f:best\/https:\/\/ok-sifa.de\/wp-content\/uploads\/2026\/04\/1-13.jpg 1200w\" \/><\/figure>\n\n\n\n<p>Ein Brand entsteht oft pl\u00f6tzlich \u2013 doch richtig geschulte Mitarbeitende k\u00f6nnen im Ernstfall entscheidend handeln und Leben retten. Unser praxisnahes Training bereitet Ihr Team optimal auf den Notfall vor. Denn im Brandfall z\u00e4hlt jede Sekunde.<gwmw style=\"display:none;\"><\/gwmw><\/p>\n<\/div>\n<\/div>\n\n\n\n<figure class=\"wp-block-image size-full\"><img data-opt-id=922614821  data-opt-src=\"https:\/\/ml6mm5zionw2.i.optimole.com\/w:auto\/h:auto\/q:mauto\/f:best\/https:\/\/ok-sifa.de\/wp-content\/uploads\/2026\/04\/458511337_356883307496608_1114738674994769144_n-1.jpg\"  decoding=\"async\" width=\"871\" height=\"853\" src=\"data:image/svg+xml,%3Csvg%20viewBox%3D%220%200%20100%%20100%%22%20width%3D%22100%%22%20height%3D%22100%%22%20xmlns%3D%22http%3A%2F%2Fwww.w3.org%2F2000%2Fsvg%22%3E%3Crect%20width%3D%22100%%22%20height%3D%22100%%22%20fill%3D%22transparent%22%2F%3E%3C%2Fsvg%3E\" alt=\"\" class=\"wp-image-95\" style=\"aspect-ratio:1.021102015232958\" old-srcset=\"https:\/\/ml6mm5zionw2.i.optimole.com\/w:871\/h:853\/q:mauto\/f:best\/https:\/\/ok-sifa.de\/wp-content\/uploads\/2026\/04\/458511337_356883307496608_1114738674994769144_n-1.jpg 871w, https:\/\/ml6mm5zionw2.i.optimole.com\/w:300\/h:294\/q:mauto\/f:best\/https:\/\/ok-sifa.de\/wp-content\/uploads\/2026\/04\/458511337_356883307496608_1114738674994769144_n-1.jpg 300w, https:\/\/ml6mm5zionw2.i.optimole.com\/w:768\/h:752\/q:mauto\/f:best\/https:\/\/ok-sifa.de\/wp-content\/uploads\/2026\/04\/458511337_356883307496608_1114738674994769144_n-1.jpg 768w\" \/><\/figure>\n<\/div>\n<\/div>\n\n\n\n<div class=\"inherit-container-width wp-block-group alignfull is-style-ext-preset--group--natural-1--section has-tertiary-background-color has-background is-layout-constrained wp-container-core-group-is-layout-e955bbaf wp-block-group-is-layout-constrained\" style=\"margin-top:0;margin-bottom:0;padding-top:var(--wp--preset--spacing--70);padding-bottom:var(--wp--preset--spacing--70)\">\n<h2 class=\"wp-block-heading has-text-align-center ext-animate--on\">Leistungen im Brandschutz<\/h2>\n\n\n\n<p class=\"has-text-align-left ext-animate--on\" style=\"margin-top:1.5rem\"><strong>Ich unterst\u00fctze Sie dabei, Risiken fr\u00fchzeitig zu erkennen und effektiv vorzubeugen: <\/strong><\/p>\n\n\n\n<ul class=\"wp-block-list\">\n<li>Regelm\u00e4\u00dfige \u00dcberpr\u00fcfung Ihrer Brandschutzma\u00dfnahmen<gwmw style=\"display:none;\"><\/gwmw><\/li>\n<\/ul>\n\n\n\n<ul class=\"wp-block-list\">\n<li>Erstellung und Umsetzung von Brandschutzkonzepten<gwmw style=\"display:none;\"><\/gwmw><\/li>\n<\/ul>\n\n\n\n<ul class=\"wp-block-list\">\n<li>Schulung von Mitarbeitenden im Verhalten im Brandfall<\/li>\n<\/ul>\n\n\n\n<ul class=\"wp-block-list\">\n<li>Stellung und Ausbildung von Brandschutz- und R\u00e4umungshelfern<\/li>\n<\/ul>\n\n\n\n<ul class=\"wp-block-list\">\n<li>Durchf\u00fchrung von Evakuierungs\u00fcbungen<gwmw style=\"display:none;\"><\/gwmw><\/li>\n<\/ul>\n\n\n\n<div class=\"wp-block-columns alignwide is-layout-flex wp-container-core-columns-is-layout-08c01c1c wp-block-columns-is-layout-flex\">\n<div class=\"wp-block-column is-vertically-aligned-stretch ext-animate--on is-layout-flow wp-container-core-column-is-layout-f5bb311e wp-block-column-is-layout-flow\">\n<div class=\"wp-block-group is-style-ext-preset--group--natural-1--item-card-1--align-center is-layout-constrained wp-block-group-is-layout-constrained\">\n<div class=\"wp-block-group is-style-default is-layout-constrained wp-block-group-is-layout-constrained\">\n<figure class=\"wp-block-image aligncenter size-large ext-aspect-landscape wp-duotone-varpresetduotoneprimary-foreground-2\"><img data-opt-id=539451468  decoding=\"async\" src=\"data:image\/svg+xml;base64,PHN2ZyB4bWxucz0iaHR0cDovL3d3dy53My5vcmcvMjAwMC9zdmciIHdpZHRoPSI0OCIgaGVpZ2h0PSI0OCIgZmlsbD0iIzAwMDAwMCIgdmlld0JveD0iMCAwIDI1NiAyNTYiPjxwYXRoIGQ9Ik0xMjgsMjRBMTA0LDEwNCwwLDEsMCwyMzIsMTI4LDEwNC4xMSwxMDQuMTEsMCwwLDAsMTI4LDI0Wm0wLDE5MmE4OCw4OCwwLDEsMSw4OC04OEE4OC4xLDg4LjEsMCwwLDEsMTI4LDIxNlpNMTQwLDgwdjk2YTgsOCwwLDAsMS0xNiwwVjk1bC0xMS41Niw3LjcxYTgsOCwwLDEsMS04Ljg4LTEzLjMybDI0LTE2QTgsOCwwLDAsMSwxNDAsODBaIj48L3BhdGg+PC9zdmc+\" alt=\"\" style=\"object-fit:cover\"\/><\/figure>\n\n\n\n<h3 class=\"wp-block-heading has-text-align-center\">Erster Schritt: Beratung<\/h3>\n\n\n\n<p class=\"has-text-align-center\">Ich analysiere Ihre betrieblichen Anforderungen und entwickeln ma\u00dfgeschneiderte Konzepte zur optimalen Umsetzung von Arbeitssicherheits- und Brandschutzma\u00dfnahmen.<\/p>\n<\/div>\n<\/div>\n<\/div>\n\n\n\n<div class=\"wp-block-column is-vertically-aligned-stretch ext-animate--on is-layout-flow wp-container-core-column-is-layout-f5bb311e wp-block-column-is-layout-flow\">\n<div class=\"wp-block-group is-style-ext-preset--group--natural-1--item-card-1--align-center is-layout-constrained wp-block-group-is-layout-constrained\">\n<div class=\"wp-block-group is-style-default is-layout-constrained wp-block-group-is-layout-constrained\">\n<figure class=\"wp-block-image aligncenter size-large ext-aspect-landscape wp-duotone-varpresetduotoneprimary-foreground-3\"><img data-opt-id=539451468  decoding=\"async\" src=\"data:image\/svg+xml;base64,PHN2ZyB4bWxucz0iaHR0cDovL3d3dy53My5vcmcvMjAwMC9zdmciIHdpZHRoPSI0OCIgaGVpZ2h0PSI0OCIgZmlsbD0iIzAwMDAwMCIgdmlld0JveD0iMCAwIDI1NiAyNTYiPjxwYXRoIGQ9Ik0xMjgsMjRBMTA0LDEwNCwwLDEsMCwyMzIsMTI4LDEwNC4xMSwxMDQuMTEsMCwwLDAsMTI4LDI0Wm0wLDE5MmE4OCw4OCwwLDEsMSw4OC04OEE4OC4xLDg4LjEsMCwwLDEsMTI4LDIxNlptMjUuNTYtOTIuNzRMMTIwLDE2OGgzMmE4LDgsMCwwLDEsMCwxNkgxMDRhOCw4LDAsMCwxLTYuNC0xMi44bDQzLjE3LTU3LjU2YTE2LDE2LDAsMSwwLTI3Ljg2LTE1LDgsOCwwLDAsMS0xNS4wOS01LjM0LDMyLDMyLDAsMSwxLDU1Ljc0LDI5LjkzWiI+PC9wYXRoPjwvc3ZnPg==\" alt=\"\" style=\"object-fit:cover\"\/><\/figure>\n\n\n\n<h3 class=\"wp-block-heading has-text-align-center\">Zweiter Schritt: Planung der Schulungen<\/h3>\n\n\n\n<p class=\"has-text-align-center\">Gemeinsam setzen wir praxisnahe Schulungen und Sicherheitskonzepte um, damit Ihre Mitarbeiter sicher und regelkonform arbeiten k\u00f6nnen.<gwmw style=\"display:none;\"><\/gwmw><\/p>\n<\/div>\n<\/div>\n<\/div>\n\n\n\n<div class=\"wp-block-column is-vertically-aligned-stretch ext-animate--on is-layout-flow wp-container-core-column-is-layout-f5bb311e wp-block-column-is-layout-flow\">\n<div class=\"wp-block-group is-style-ext-preset--group--natural-1--item-card-1--align-center is-layout-constrained wp-block-group-is-layout-constrained\">\n<div class=\"wp-block-group is-style-default is-layout-constrained wp-block-group-is-layout-constrained\">\n<figure class=\"wp-block-image aligncenter size-large ext-aspect-landscape wp-duotone-varpresetduotoneprimary-foreground-4\"><img data-opt-id=539451468  decoding=\"async\" src=\"data:image\/svg+xml;base64,PHN2ZyB4bWxucz0iaHR0cDovL3d3dy53My5vcmcvMjAwMC9zdmciIHdpZHRoPSI0OCIgaGVpZ2h0PSI0OCIgZmlsbD0iIzAwMDAwMCIgdmlld0JveD0iMCAwIDI1NiAyNTYiPjxwYXRoIGQ9Ik0xMjgsMjRBMTA0LDEwNCwwLDEsMCwyMzIsMTI4LDEwNC4xMSwxMDQuMTEsMCwwLDAsMTI4LDI0Wm0wLDE5MmE4OCw4OCwwLDEsMSw4OC04OEE4OC4xLDg4LjEsMCwwLDEsMTI4LDIxNlptMzItNjRhMzYsMzYsMCwwLDEtNjEuNzEsMjUuMTlBOCw4LDAsMSwxLDEwOS43MSwxNjYsMjAsMjAsMCwxLDAsMTI0LDEzMmE4LDgsMCwwLDEtNi41NS0xMi41OUwxMzYuNjMsOTJIMTA0YTgsOCwwLDAsMSwwLTE2aDQ4YTgsOCwwLDAsMSw2LjU1LDEyLjU5bC0yMSwzMEEzNi4wNywzNi4wNywwLDAsMSwxNjAsMTUyWiI+PC9wYXRoPjwvc3ZnPg==\" alt=\"\" style=\"object-fit:cover\"\/><\/figure>\n\n\n\n<h3 class=\"wp-block-heading has-text-align-center\">L\u00f6sung: Umsetzung<\/h3>\n\n\n\n<p class=\"has-text-align-left\">Grundlagen des vorbeugenden Brandschutzes Erkennen von Brandgefahren im ArbeitsalltagRichtiges Verhalten im BrandfallEvakuierungsabl\u00e4ufe sicher umsetzen Praktische L\u00f6sch\u00fcbungen mit Feuerl\u00f6schern <gwmw style=\"display:none;\"><\/gwmw><gwmw style=\"display:none;\"><\/gwmw><\/p>\n\n\n\n<p class=\"has-text-align-center\">So gewinnen Ihre Mitarbeitenden Sicherheit im Umgang mit Feuer und Gefahrensituationen.<gwmw style=\"display:none;\"><\/gwmw><\/p>\n<\/div>\n<\/div>\n<\/div>\n<\/div>\n<\/div>\n<\/div>\n","protected":false},"excerpt":{"rendered":"<p>Externer Brandschutzbeauftragter&nbsp; Vorbeugender Brandschutz rettet t\u00e4glich Leben und sch\u00fctzt Sachwerte. Statistisch gesehen entsteht in Deutschland alle f\u00fcnf Minuten ein Brand [&hellip;]<\/p>\n","protected":false},"author":1,"featured_media":0,"parent":0,"menu_order":0,"comment_status":"closed","ping_status":"closed","template":"","meta":{"site-sidebar-layout":"default","site-content-layout":"","ast-site-content-layout":"default","site-content-style":"default","site-sidebar-style":"default","ast-global-header-display":"","ast-banner-title-visibility":"","ast-main-header-display":"","ast-hfb-above-header-display":"","ast-hfb-below-header-display":"","ast-hfb-mobile-header-display":"","site-post-title":"","ast-breadcrumbs-content":"","ast-featured-img":"","footer-sml-layout":"","ast-disable-related-posts":"","theme-transparent-header-meta":"","adv-header-id-meta":"","stick-header-meta":"","header-above-stick-meta":"","header-main-stick-meta":"","header-below-stick-meta":"","astra-migrate-meta-layouts":"default","ast-page-background-enabled":"default","ast-page-background-meta":{"desktop":{"background-color":"var(--ast-global-color-5)","background-image":"","background-repeat":"repeat","background-position":"center center","background-size":"auto","background-attachment":"scroll","background-type":"","background-media":"","overlay-type":"","overlay-color":"","overlay-opacity":"","overlay-gradient":""},"tablet":{"background-color":"","background-image":"","background-repeat":"repeat","background-position":"center center","background-size":"auto","background-attachment":"scroll","background-type":"","background-media":"","overlay-type":"","overlay-color":"","overlay-opacity":"","overlay-gradient":""},"mobile":{"background-color":"","background-image":"","background-repeat":"repeat","background-position":"center center","background-size":"auto","background-attachment":"scroll","background-type":"","background-media":"","overlay-type":"","overlay-color":"","overlay-opacity":"","overlay-gradient":""}},"ast-content-background-meta":{"desktop":{"background-color":"var(--ast-global-color-4)","background-image":"","background-repeat":"repeat","background-position":"center center","background-size":"auto","background-attachment":"scroll","background-type":"","background-media":"","overlay-type":"","overlay-color":"","overlay-opacity":"","overlay-gradient":""},"tablet":{"background-color":"var(--ast-global-color-4)","background-image":"","background-repeat":"repeat","background-position":"center center","background-size":"auto","background-attachment":"scroll","background-type":"","background-media":"","overlay-type":"","overlay-color":"","overlay-opacity":"","overlay-gradient":""},"mobile":{"background-color":"var(--ast-global-color-4)","background-image":"","background-repeat":"repeat","background-position":"center center","background-size":"auto","background-attachment":"scroll","background-type":"","background-media":"","overlay-type":"","overlay-color":"","overlay-opacity":"","overlay-gradient":""}},"_themeisle_gutenberg_block_has_review":false,"footnotes":""},"class_list":["post-20","page","type-page","status-publish","hentry"],"_links":{"self":[{"href":"https:\/\/ok-sifa.de\/index.php?rest_route=\/wp\/v2\/pages\/20","targetHints":{"allow":["GET"]}}],"collection":[{"href":"https:\/\/ok-sifa.de\/index.php?rest_route=\/wp\/v2\/pages"}],"about":[{"href":"https:\/\/ok-sifa.de\/index.php?rest_route=\/wp\/v2\/types\/page"}],"author":[{"embeddable":true,"href":"https:\/\/ok-sifa.de\/index.php?rest_route=\/wp\/v2\/users\/1"}],"replies":[{"embeddable":true,"href":"https:\/\/ok-sifa.de\/index.php?rest_route=%2Fwp%2Fv2%2Fcomments&post=20"}],"version-history":[{"count":10,"href":"https:\/\/ok-sifa.de\/index.php?rest_route=\/wp\/v2\/pages\/20\/revisions"}],"predecessor-version":[{"id":372,"href":"https:\/\/ok-sifa.de\/index.php?rest_route=\/wp\/v2\/pages\/20\/revisions\/372"}],"wp:attachment":[{"href":"https:\/\/ok-sifa.de\/index.php?rest_route=%2Fwp%2Fv2%2Fmedia&parent=20"}],"curies":[{"name":"wp","href":"https:\/\/api.w.org\/{rel}","templated":true}]}}